{"id":172,"date":"2026-02-22T06:58:11","date_gmt":"2026-02-22T06:58:11","guid":{"rendered":"https:\/\/generativereport.com\/?page_id=172"},"modified":"2026-03-25T04:44:25","modified_gmt":"2026-03-25T04:44:25","slug":"patients-internationaux","status":"publish","type":"page","link":"https:\/\/parotide.eu\/en\/patients-internationaux\/","title":{"rendered":"International Patients"},"content":{"rendered":"\t\t<div data-elementor-type=\"wp-page\" data-elementor-id=\"172\" class=\"elementor elementor-172\" data-elementor-post-type=\"page\">\n\t\t\t\t<div class=\"elementor-element elementor-element-9abdc72 e-flex e-con-boxed e-con e-parent\" data-id=\"9abdc72\" data-element_type=\"container\" data-e-type=\"container\">\n\t\t\t\t\t<div class=\"e-con-inner\">\n\t\t<div class=\"elementor-element elementor-element-201ad1d e-con-full e-flex e-con e-child\" data-id=\"201ad1d\" data-element_type=\"container\" data-e-type=\"container\" data-settings=\"{&quot;background_background&quot;:&quot;classic&quot;}\">\n\t\t<div class=\"elementor-element elementor-element-fe26d30 e-con-full e-flex e-con e-child\" data-id=\"fe26d30\" data-element_type=\"container\" data-e-type=\"container\">\n\t\t\t\t<div class=\"elementor-element elementor-element-db1084b elementor-invisible elementor-widget elementor-widget-heading\" data-id=\"db1084b\" data-element_type=\"widget\" data-e-type=\"widget\" data-settings=\"{&quot;_animation&quot;:&quot;fadeInUp&quot;}\" data-widget_type=\"heading.default\">\n\t\t\t\t\t<h1 class=\"elementor-heading-title elementor-size-default\">Patients Internationaux<\/h1>\t\t\t\t<\/div>\n\t\t\t\t<div class=\"elementor-element elementor-element-39d1e94 elementor-icon-list--layout-inline elementor-align-center elementor-list-item-link-full_width elementor-invisible elementor-widget elementor-widget-icon-list\" data-id=\"39d1e94\" data-element_type=\"widget\" data-e-type=\"widget\" data-settings=\"{&quot;_animation&quot;:&quot;fadeInUp&quot;}\" data-widget_type=\"icon-list.default\">\n\t\t\t\t\t\t\t<ul class=\"elementor-icon-list-items elementor-inline-items\">\n\t\t\t\t\t\t\t<li class=\"elementor-icon-list-item elementor-inline-item\">\n\t\t\t\t\t\t\t\t\t\t\t<a href=\"https:\/\/parotide.eu\/en\">\n\n\t\t\t\t\t\t\t\t\t\t\t\t<span class=\"elementor-icon-list-icon\">\n\t\t\t\t\t\t\t<svg xmlns=\"http:\/\/www.w3.org\/2000\/svg\" width=\"24\" height=\"25\" viewBox=\"0 0 24 25\" fill=\"none\"><path d=\"M12.4565 10.8671C12.1931 11.0903 11.8069 11.0903 11.5436 10.8671C9.04795 8.75151 7.76475 6.69838 7.76475 4.68159C7.7647 2.34248 9.66094 0.446289 12 0.446289C14.3391 0.446289 16.2353 2.34248 16.2353 4.68159C16.2353 6.69838 14.9521 8.75151 12.4565 10.8671ZM12.4565 14.0255C14.9521 16.1411 16.2353 18.1942 16.2353 20.211C16.2353 22.5501 14.3391 24.4463 12 24.4463C9.66089 24.4463 7.7647 22.5501 7.7647 20.211C7.7647 18.1942 9.04791 16.1411 11.5435 14.0255C11.8069 13.8022 12.1931 13.8022 12.4565 14.0255ZM13.5792 12.9028C13.356 12.6394 13.356 12.2532 13.5792 11.9899C15.6948 9.49424 17.748 8.21104 19.7647 8.21104C22.1038 8.21099 24 10.1072 24 12.4463C24 14.7854 22.1038 16.6816 19.7647 16.6816C17.7479 16.6816 15.6948 15.3984 13.5792 12.9028ZM10.4208 12.9028C8.30517 15.3984 6.25205 16.6816 4.2353 16.6816C1.89619 16.6816 0 14.7854 0 12.4463C0 10.1072 1.89619 8.21099 4.2353 8.21099C6.25209 8.21099 8.30522 9.49419 10.4208 11.9898C10.644 12.2532 10.644 12.6394 10.4208 12.9028Z\" fill=\"currentColor\"><\/path><\/svg>\t\t\t\t\t\t<\/span>\n\t\t\t\t\t\t\t\t\t\t<span class=\"elementor-icon-list-text\">Acceuil<\/span>\n\t\t\t\t\t\t\t\t\t\t\t<\/a>\n\t\t\t\t\t\t\t\t\t<\/li>\n\t\t\t\t\t\t\t\t<li class=\"elementor-icon-list-item elementor-inline-item\">\n\t\t\t\t\t\t\t\t\t\t<span class=\"elementor-icon-list-text\">\/<\/span>\n\t\t\t\t\t\t\t\t\t<\/li>\n\t\t\t\t\t\t\t\t<li class=\"elementor-icon-list-item elementor-inline-item\">\n\t\t\t\t\t\t\t\t\t\t\t<span class=\"elementor-icon-list-icon\">\n\t\t\t\t\t\t\t<svg xmlns=\"http:\/\/www.w3.org\/2000\/svg\" width=\"24\" height=\"25\" viewBox=\"0 0 24 25\" fill=\"none\"><path d=\"M12.4565 10.8671C12.1931 11.0903 11.8069 11.0903 11.5436 10.8671C9.04795 8.75151 7.76475 6.69838 7.76475 4.68159C7.7647 2.34248 9.66094 0.446289 12 0.446289C14.3391 0.446289 16.2353 2.34248 16.2353 4.68159C16.2353 6.69838 14.9521 8.75151 12.4565 10.8671ZM12.4565 14.0255C14.9521 16.1411 16.2353 18.1942 16.2353 20.211C16.2353 22.5501 14.3391 24.4463 12 24.4463C9.66089 24.4463 7.7647 22.5501 7.7647 20.211C7.7647 18.1942 9.04791 16.1411 11.5435 14.0255C11.8069 13.8022 12.1931 13.8022 12.4565 14.0255ZM13.5792 12.9028C13.356 12.6394 13.356 12.2532 13.5792 11.9899C15.6948 9.49424 17.748 8.21104 19.7647 8.21104C22.1038 8.21099 24 10.1072 24 12.4463C24 14.7854 22.1038 16.6816 19.7647 16.6816C17.7479 16.6816 15.6948 15.3984 13.5792 12.9028ZM10.4208 12.9028C8.30517 15.3984 6.25205 16.6816 4.2353 16.6816C1.89619 16.6816 0 14.7854 0 12.4463C0 10.1072 1.89619 8.21099 4.2353 8.21099C6.25209 8.21099 8.30522 9.49419 10.4208 11.9898C10.644 12.2532 10.644 12.6394 10.4208 12.9028Z\" fill=\"currentColor\"><\/path><\/svg>\t\t\t\t\t\t<\/span>\n\t\t\t\t\t\t\t\t\t\t<span class=\"elementor-icon-list-text\">Patients Internationaux<\/span>\n\t\t\t\t\t\t\t\t\t<\/li>\n\t\t\t\t\t\t<\/ul>\n\t\t\t\t\t\t<\/div>\n\t\t\t\t<\/div>\n\t\t\t\t<\/div>\n\t\t\t\t\t<\/div>\n\t\t\t\t<\/div>\n\t\t<div class=\"elementor-element elementor-element-3c0567e e-flex e-con-boxed e-con e-parent\" data-id=\"3c0567e\" data-element_type=\"container\" data-e-type=\"container\">\n\t\t\t\t\t<div class=\"e-con-inner\">\n\t\t<div class=\"elementor-element elementor-element-9d1cdb7 e-con-full e-flex e-con e-child\" data-id=\"9d1cdb7\" data-element_type=\"container\" data-e-type=\"container\" data-settings=\"{&quot;background_background&quot;:&quot;classic&quot;}\">\n\t\t<div class=\"elementor-element elementor-element-e7a5ba7 e-con-full e-flex e-con e-child\" data-id=\"e7a5ba7\" data-element_type=\"container\" data-e-type=\"container\">\n\t\t\t\t<div class=\"elementor-element elementor-element-af53a35 our-appointment-image elementor-widget elementor-widget-image\" data-id=\"af53a35\" data-element_type=\"widget\" data-e-type=\"widget\" data-widget_type=\"image.default\">\n\t\t\t\t\t\t\t\t\t\t\t\t\t\t\t<img fetchpriority=\"high\" decoding=\"async\" width=\"426\" height=\"426\" src=\"https:\/\/parotide.eu\/wp-content\/uploads\/2026\/02\/cropped_circle_image-9.png\" class=\"attachment-full size-full wp-image-155\" alt=\"\" srcset=\"https:\/\/parotide.eu\/wp-content\/uploads\/2026\/02\/cropped_circle_image-9.png 426w, https:\/\/parotide.eu\/wp-content\/uploads\/2026\/02\/cropped_circle_image-9-300x300.png 300w, https:\/\/parotide.eu\/wp-content\/uploads\/2026\/02\/cropped_circle_image-9-150x150.png 150w\" sizes=\"(max-width: 426px) 100vw, 426px\" \/>\t\t\t\t\t\t\t\t\t\t\t\t\t\t\t<\/div>\n\t\t\t\t<\/div>\n\t\t<div class=\"elementor-element elementor-element-4536ab0 e-con-full e-flex e-con e-child\" data-id=\"4536ab0\" data-element_type=\"container\" data-e-type=\"container\">\n\t\t\t\t<div class=\"elementor-element elementor-element-3fbb9d9 elementor-align-start elementor-icon-list--layout-traditional elementor-list-item-link-full_width elementor-invisible elementor-widget elementor-widget-icon-list\" data-id=\"3fbb9d9\" data-element_type=\"widget\" data-e-type=\"widget\" data-settings=\"{&quot;_animation&quot;:&quot;fadeInUp&quot;}\" data-widget_type=\"icon-list.default\">\n\t\t\t\t\t\t\t<ul class=\"elementor-icon-list-items\">\n\t\t\t\t\t\t\t<li class=\"elementor-icon-list-item\">\n\t\t\t\t\t\t\t\t\t\t\t<span class=\"elementor-icon-list-icon\">\n\t\t\t\t\t\t\t<svg xmlns=\"http:\/\/www.w3.org\/2000\/svg\" width=\"24\" height=\"25\" viewBox=\"0 0 24 25\" fill=\"none\"><path d=\"M12.4565 10.8671C12.1931 11.0903 11.8069 11.0903 11.5436 10.8671C9.04795 8.75151 7.76475 6.69838 7.76475 4.68159C7.7647 2.34248 9.66094 0.446289 12 0.446289C14.3391 0.446289 16.2353 2.34248 16.2353 4.68159C16.2353 6.69838 14.9521 8.75151 12.4565 10.8671ZM12.4565 14.0255C14.9521 16.1411 16.2353 18.1942 16.2353 20.211C16.2353 22.5501 14.3391 24.4463 12 24.4463C9.66089 24.4463 7.7647 22.5501 7.7647 20.211C7.7647 18.1942 9.04791 16.1411 11.5435 14.0255C11.8069 13.8022 12.1931 13.8022 12.4565 14.0255ZM13.5792 12.9028C13.356 12.6394 13.356 12.2532 13.5792 11.9899C15.6948 9.49424 17.748 8.21104 19.7647 8.21104C22.1038 8.21099 24 10.1072 24 12.4463C24 14.7854 22.1038 16.6816 19.7647 16.6816C17.7479 16.6816 15.6948 15.3984 13.5792 12.9028ZM10.4208 12.9028C8.30517 15.3984 6.25205 16.6816 4.2353 16.6816C1.89619 16.6816 0 14.7854 0 12.4463C0 10.1072 1.89619 8.21099 4.2353 8.21099C6.25209 8.21099 8.30522 9.49419 10.4208 11.9898C10.644 12.2532 10.644 12.6394 10.4208 12.9028Z\" fill=\"currentColor\"><\/path><\/svg>\t\t\t\t\t\t<\/span>\n\t\t\t\t\t\t\t\t\t\t<span class=\"elementor-icon-list-text\">RENDEZ-VOUS<\/span>\n\t\t\t\t\t\t\t\t\t<\/li>\n\t\t\t\t\t\t<\/ul>\n\t\t\t\t\t\t<\/div>\n\t\t\t\t<div class=\"elementor-element elementor-element-7847a70 elementor-invisible elementor-widget elementor-widget-heading\" data-id=\"7847a70\" data-element_type=\"widget\" data-e-type=\"widget\" data-settings=\"{&quot;_animation&quot;:&quot;fadeInUp&quot;}\" data-widget_type=\"heading.default\">\n\t\t\t\t\t<h2 class=\"elementor-heading-title elementor-size-default\">Prenez rendez-vous pour une consultation\n\nd\u00e8s aujourd'hui !<\/h2>\t\t\t\t<\/div>\n\t\t\t\t<div class=\"elementor-element elementor-element-6795642 elementor-invisible elementor-widget elementor-widget-text-editor\" data-id=\"6795642\" data-element_type=\"widget\" data-e-type=\"widget\" data-settings=\"{&quot;_animation&quot;:&quot;fadeInUp&quot;}\" data-widget_type=\"text-editor.default\">\n\t\t\t\t\t\t\t\t\t<p>Demandez votre date de rendez-vous en ligne en remplissant le formulaire de demande de rendez-vous ci- dessous et vous serez contact\u00e9 dans les 48 heures pour confirmer votre date.<\/p>\t\t\t\t\t\t\t\t<\/div>\n\t\t\t\t<div class=\"elementor-element elementor-element-6778e7a elementor-button-align-start elementor-widget elementor-widget-form\" data-id=\"6778e7a\" data-element_type=\"widget\" data-e-type=\"widget\" data-settings=\"{&quot;step_next_label&quot;:&quot;Next&quot;,&quot;step_previous_label&quot;:&quot;Previous&quot;,&quot;button_width&quot;:&quot;100&quot;,&quot;step_type&quot;:&quot;number_text&quot;,&quot;step_icon_shape&quot;:&quot;circle&quot;}\" data-widget_type=\"form.default\">\n\t\t\t\t\t\t\t<form class=\"elementor-form\" method=\"post\" name=\"New Form\" aria-label=\"New Form\">\n\t\t\t<input type=\"hidden\" name=\"post_id\" value=\"172\"\/>\n\t\t\t<input type=\"hidden\" name=\"form_id\" value=\"6778e7a\"\/>\n\t\t\t<input type=\"hidden\" name=\"referer_title\" value=\"Patients Internationaux\" \/>\n\n\t\t\t\t\t\t\t<input type=\"hidden\" name=\"queried_id\" value=\"172\"\/>\n\t\t\t\n\t\t\t<div class=\"elementor-form-fields-wrapper elementor-labels-above\">\n\t\t\t\t\t\t\t\t<div class=\"elementor-field-type-text elementor-field-group elementor-column elementor-field-group-name elementor-col-50\">\n\t\t\t\t\t\t\t\t\t\t\t\t<label for=\"form-field-name\" class=\"elementor-field-label\">\n\t\t\t\t\t\t\t\tNom\t\t\t\t\t\t\t<\/label>\n\t\t\t\t\t\t\t\t\t\t\t\t\t\t<input size=\"1\" type=\"text\" name=\"form_fields[name]\" id=\"form-field-name\" class=\"elementor-field elementor-size-lg  elementor-field-textual\" placeholder=\"Nom\">\n\t\t\t\t\t\t\t\t\t\t\t<\/div>\n\t\t\t\t\t\t\t\t<div class=\"elementor-field-type-email elementor-field-group elementor-column elementor-field-group-email elementor-col-50 elementor-field-required\">\n\t\t\t\t\t\t\t\t\t\t\t\t<label for=\"form-field-email\" class=\"elementor-field-label\">\n\t\t\t\t\t\t\t\tEmail\t\t\t\t\t\t\t<\/label>\n\t\t\t\t\t\t\t\t\t\t\t\t\t\t<input size=\"1\" type=\"email\" name=\"form_fields[email]\" id=\"form-field-email\" class=\"elementor-field elementor-size-lg  elementor-field-textual\" placeholder=\"Email\" required=\"required\">\n\t\t\t\t\t\t\t\t\t\t\t<\/div>\n\t\t\t\t\t\t\t\t<div class=\"elementor-field-type-tel elementor-field-group elementor-column elementor-field-group-field_ff5310d elementor-col-50\">\n\t\t\t\t\t\t\t\t\t\t\t\t<label for=\"form-field-field_ff5310d\" class=\"elementor-field-label\">\n\t\t\t\t\t\t\t\tT\u00e9l\u00e9phone et GSM\t\t\t\t\t\t\t<\/label>\n\t\t\t\t\t\t\t\t<input size=\"1\" type=\"tel\" name=\"form_fields[field_ff5310d]\" id=\"form-field-field_ff5310d\" class=\"elementor-field elementor-size-lg  elementor-field-textual\" placeholder=\"T\u00e9l\u00e9phone et GSM\" pattern=\"[0-9()#&amp;+*-=.]+\" title=\"Only numbers and phone characters (#, -, *, etc) are accepted.\">\n\n\t\t\t\t\t\t<\/div>\n\t\t\t\t\t\t\t\t<div class=\"elementor-field-type-date elementor-field-group elementor-column elementor-field-group-field_82ea605 elementor-col-50\">\n\t\t\t\t\t\t\t\t\t\t\t\t<label for=\"form-field-field_82ea605\" class=\"elementor-field-label\">\n\t\t\t\t\t\t\t\tDate De Naissance\t\t\t\t\t\t\t<\/label>\n\t\t\t\t\t\t\n\t\t<input type=\"date\" name=\"form_fields[field_82ea605]\" id=\"form-field-field_82ea605\" class=\"elementor-field elementor-size-lg  elementor-field-textual elementor-date-field elementor-use-native\" placeholder=\"Date De Naissance\" pattern=\"[0-9]{4}-[0-9]{2}-[0-9]{2}\">\n\t\t\t\t\t\t<\/div>\n\t\t\t\t\t\t\t\t<div class=\"elementor-field-type-text elementor-field-group elementor-column elementor-field-group-field_dd9bf0a elementor-col-50\">\n\t\t\t\t\t\t\t\t\t\t\t\t<label for=\"form-field-field_dd9bf0a\" class=\"elementor-field-label\">\n\t\t\t\t\t\t\t\tAdresse\t\t\t\t\t\t\t<\/label>\n\t\t\t\t\t\t\t\t\t\t\t\t\t\t<input size=\"1\" type=\"text\" name=\"form_fields[field_dd9bf0a]\" id=\"form-field-field_dd9bf0a\" class=\"elementor-field elementor-size-lg  elementor-field-textual\" placeholder=\"Adresse\">\n\t\t\t\t\t\t\t\t\t\t\t<\/div>\n\t\t\t\t\t\t\t\t<div class=\"elementor-field-type-text elementor-field-group elementor-column elementor-field-group-field_0969629 elementor-col-50\">\n\t\t\t\t\t\t\t\t\t\t\t\t<label for=\"form-field-field_0969629\" class=\"elementor-field-label\">\n\t\t\t\t\t\t\t\tPays\t\t\t\t\t\t\t<\/label>\n\t\t\t\t\t\t\t\t\t\t\t\t\t\t<input size=\"1\" type=\"text\" name=\"form_fields[field_0969629]\" id=\"form-field-field_0969629\" class=\"elementor-field elementor-size-lg  elementor-field-textual\" placeholder=\"Pays\">\n\t\t\t\t\t\t\t\t\t\t\t<\/div>\n\t\t\t\t\t\t\t\t<div class=\"elementor-field-type-select elementor-field-group elementor-column elementor-field-group-field_b6591d2 elementor-col-100\">\n\t\t\t\t\t\t\t\t\t\t\t\t<label for=\"form-field-field_b6591d2\" class=\"elementor-field-label\">\n\t\t\t\t\t\t\t\tPlanification de rendez-vous (consultation pr\u00e9f\u00e9r\u00e9e)\t\t\t\t\t\t\t<\/label>\n\t\t\t\t\t\t\t\t<div class=\"elementor-field elementor-select-wrapper remove-before \">\n\t\t\t<div class=\"select-caret-down-wrapper\">\n\t\t\t\t<svg aria-hidden=\"true\" class=\"e-font-icon-svg e-eicon-caret-down\" viewBox=\"0 0 571.4 571.4\" xmlns=\"http:\/\/www.w3.org\/2000\/svg\"><path d=\"M571 393Q571 407 561 418L311 668Q300 679 286 679T261 668L11 418Q0 407 0 393T11 368 36 357H536Q550 357 561 368T571 393Z\"><\/path><\/svg>\t\t\t<\/div>\n\t\t\t<select name=\"form_fields[field_b6591d2]\" id=\"form-field-field_b6591d2\" class=\"elementor-field-textual elementor-size-lg\">\n\t\t\t\t\t\t\t\t\t<option value=\"T\u00e9l\u00e9phone\">T\u00e9l\u00e9phone<\/option>\n\t\t\t\t\t\t\t\t\t<option value=\"Au Bureau\">Au Bureau<\/option>\n\t\t\t\t\t\t\t\t\t<option value=\"Consultation Vid\u00e9o\">Consultation Vid\u00e9o<\/option>\n\t\t\t\t\t\t\t<\/select>\n\t\t<\/div>\n\t\t\t\t\t\t<\/div>\n\t\t\t\t\t\t\t\t<div class=\"elementor-field-type-upload elementor-field-group elementor-column elementor-field-group-field_209f74e elementor-col-100\">\n\t\t\t\t\t\t\t\t\t\t\t\t<label for=\"form-field-field_209f74e\" class=\"elementor-field-label\">\n\t\t\t\t\t\t\t\tphotos ou des documents\t\t\t\t\t\t\t<\/label>\n\t\t\t\t\t\t\t\t<input type=\"file\" name=\"form_fields[field_209f74e]\" id=\"form-field-field_209f74e\" class=\"elementor-field elementor-size-lg  elementor-upload-field\">\n\n\t\t\t\t\t\t<\/div>\n\t\t\t\t\t\t\t\t<div class=\"elementor-field-type-recaptcha_v3 elementor-field-group elementor-column elementor-field-group-field_0faf2fb elementor-col-100 recaptcha_v3-bottomright\">\n\t\t\t\t\t<div class=\"elementor-field\" id=\"form-field-field_0faf2fb\"><div class=\"elementor-g-recaptcha\" data-sitekey=\"6LdyCpcsAAAAACby55EEnNcyXD23KGod4AZD4vZx\" data-type=\"v3\" data-action=\"Form\" data-badge=\"bottomright\" data-size=\"invisible\"><\/div><\/div>\t\t\t\t<\/div>\n\t\t\t\t\t\t\t\t<div class=\"elementor-field-group elementor-column elementor-field-type-submit elementor-col-100 e-form__buttons\">\n\t\t\t\t\t<button class=\"elementor-button elementor-size-sm\" type=\"submit\">\n\t\t\t\t\t\t<span class=\"elementor-button-content-wrapper\">\n\t\t\t\t\t\t\t\t\t\t\t\t\t\t\t\t\t\t\t\t\t\t<span class=\"elementor-button-text\">prenez rendez-vous<\/span>\n\t\t\t\t\t\t\t\t\t\t\t\t\t<\/span>\n\t\t\t\t\t<\/button>\n\t\t\t\t<\/div>\n\t\t\t<\/div>\n\t\t<\/form>\n\t\t\t\t\t\t<\/div>\n\t\t\t\t<\/div>\n\t\t\t\t<\/div>\n\t\t\t\t\t<\/div>\n\t\t\t\t<\/div>\n\t\t\t\t<\/div>\n\t\t","protected":false},"excerpt":{"rendered":"<p>Patients Internationaux Acceuil \/ RENDEZ-VOUS Prenez rendez-vous pour une consultation d\u00e8s aujourd&rsquo;hui ! Demandez votre date de rendez-vous en ligne en remplissant le formulaire de demande de rendez-vous ci- dessous et vous serez contact\u00e9 dans les 48 heures pour confirmer votre date.<\/p>","protected":false},"author":1,"featured_media":0,"parent":0,"menu_order":0,"comment_status":"closed","ping_status":"closed","template":"elementor_header_footer","meta":{"footnotes":""},"class_list":["post-172","page","type-page","status-publish","hentry"],"_links":{"self":[{"href":"https:\/\/parotide.eu\/en\/wp-json\/wp\/v2\/pages\/172","targetHints":{"allow":["GET"]}}],"collection":[{"href":"https:\/\/parotide.eu\/en\/wp-json\/wp\/v2\/pages"}],"about":[{"href":"https:\/\/parotide.eu\/en\/wp-json\/wp\/v2\/types\/page"}],"author":[{"embeddable":true,"href":"https:\/\/parotide.eu\/en\/wp-json\/wp\/v2\/users\/1"}],"replies":[{"embeddable":true,"href":"https:\/\/parotide.eu\/en\/wp-json\/wp\/v2\/comments?post=172"}],"version-history":[{"count":25,"href":"https:\/\/parotide.eu\/en\/wp-json\/wp\/v2\/pages\/172\/revisions"}],"predecessor-version":[{"id":562,"href":"https:\/\/parotide.eu\/en\/wp-json\/wp\/v2\/pages\/172\/revisions\/562"}],"wp:attachment":[{"href":"https:\/\/parotide.eu\/en\/wp-json\/wp\/v2\/media?parent=172"}],"curies":[{"name":"wp","href":"https:\/\/api.w.org\/{rel}","templated":true}]}}