{"id":255,"date":"2026-02-24T08:06:14","date_gmt":"2026-02-24T08:06:14","guid":{"rendered":"https:\/\/generativereport.com\/?page_id=255"},"modified":"2026-03-09T06:58:12","modified_gmt":"2026-03-09T06:58:12","slug":"la-parotidite-recurrente-juvenile","status":"publish","type":"page","link":"https:\/\/parotide.eu\/en\/pathologies\/la-parotidite-recurrente-juvenile\/","title":{"rendered":"Juvenile Recurrent Parotitis"},"content":{"rendered":"\t\t<div data-elementor-type=\"wp-page\" data-elementor-id=\"255\" class=\"elementor elementor-255\" data-elementor-post-type=\"page\">\n\t\t\t\t<div class=\"elementor-element elementor-element-188fcef e-flex e-con-boxed e-con e-parent\" data-id=\"188fcef\" data-element_type=\"container\" data-e-type=\"container\">\n\t\t\t\t\t<div class=\"e-con-inner\">\n\t\t<div class=\"elementor-element elementor-element-cb0532d e-con-full e-flex e-con e-child\" data-id=\"cb0532d\" data-element_type=\"container\" data-e-type=\"container\" data-settings=\"{&quot;background_background&quot;:&quot;classic&quot;}\">\n\t\t<div class=\"elementor-element elementor-element-d54f88a e-con-full e-flex e-con e-child\" data-id=\"d54f88a\" data-element_type=\"container\" data-e-type=\"container\">\n\t\t\t\t<div class=\"elementor-element elementor-element-02938fe elementor-invisible elementor-widget elementor-widget-heading\" data-id=\"02938fe\" data-element_type=\"widget\" data-e-type=\"widget\" data-settings=\"{&quot;_animation&quot;:&quot;fadeInUp&quot;}\" data-widget_type=\"heading.default\">\n\t\t\t\t\t<h1 class=\"elementor-heading-title elementor-size-default\">La parotidite r\u00e9currente juv\u00e9nile<\/h1>\t\t\t\t<\/div>\n\t\t\t\t<div class=\"elementor-element elementor-element-8071db5 elementor-icon-list--layout-inline elementor-align-center elementor-list-item-link-full_width elementor-invisible elementor-widget elementor-widget-icon-list\" data-id=\"8071db5\" data-element_type=\"widget\" data-e-type=\"widget\" data-settings=\"{&quot;_animation&quot;:&quot;fadeInUp&quot;}\" data-widget_type=\"icon-list.default\">\n\t\t\t\t\t\t\t<ul class=\"elementor-icon-list-items elementor-inline-items\">\n\t\t\t\t\t\t\t<li class=\"elementor-icon-list-item elementor-inline-item\">\n\t\t\t\t\t\t\t\t\t\t\t<a href=\"https:\/\/parotide.eu\/en\">\n\n\t\t\t\t\t\t\t\t\t\t\t\t<span class=\"elementor-icon-list-icon\">\n\t\t\t\t\t\t\t<svg xmlns=\"http:\/\/www.w3.org\/2000\/svg\" width=\"24\" height=\"25\" viewBox=\"0 0 24 25\" fill=\"none\"><path d=\"M12.4565 10.8671C12.1931 11.0903 11.8069 11.0903 11.5436 10.8671C9.04795 8.75151 7.76475 6.69838 7.76475 4.68159C7.7647 2.34248 9.66094 0.446289 12 0.446289C14.3391 0.446289 16.2353 2.34248 16.2353 4.68159C16.2353 6.69838 14.9521 8.75151 12.4565 10.8671ZM12.4565 14.0255C14.9521 16.1411 16.2353 18.1942 16.2353 20.211C16.2353 22.5501 14.3391 24.4463 12 24.4463C9.66089 24.4463 7.7647 22.5501 7.7647 20.211C7.7647 18.1942 9.04791 16.1411 11.5435 14.0255C11.8069 13.8022 12.1931 13.8022 12.4565 14.0255ZM13.5792 12.9028C13.356 12.6394 13.356 12.2532 13.5792 11.9899C15.6948 9.49424 17.748 8.21104 19.7647 8.21104C22.1038 8.21099 24 10.1072 24 12.4463C24 14.7854 22.1038 16.6816 19.7647 16.6816C17.7479 16.6816 15.6948 15.3984 13.5792 12.9028ZM10.4208 12.9028C8.30517 15.3984 6.25205 16.6816 4.2353 16.6816C1.89619 16.6816 0 14.7854 0 12.4463C0 10.1072 1.89619 8.21099 4.2353 8.21099C6.25209 8.21099 8.30522 9.49419 10.4208 11.9898C10.644 12.2532 10.644 12.6394 10.4208 12.9028Z\" fill=\"currentColor\"><\/path><\/svg>\t\t\t\t\t\t<\/span>\n\t\t\t\t\t\t\t\t\t\t<span class=\"elementor-icon-list-text\">Acceuil<\/span>\n\t\t\t\t\t\t\t\t\t\t\t<\/a>\n\t\t\t\t\t\t\t\t\t<\/li>\n\t\t\t\t\t\t\t\t<li class=\"elementor-icon-list-item elementor-inline-item\">\n\t\t\t\t\t\t\t\t\t\t<span class=\"elementor-icon-list-text\">\/<\/span>\n\t\t\t\t\t\t\t\t\t<\/li>\n\t\t\t\t\t\t\t\t<li class=\"elementor-icon-list-item elementor-inline-item\">\n\t\t\t\t\t\t\t\t\t\t\t<span class=\"elementor-icon-list-icon\">\n\t\t\t\t\t\t\t<svg xmlns=\"http:\/\/www.w3.org\/2000\/svg\" width=\"24\" height=\"25\" viewBox=\"0 0 24 25\" fill=\"none\"><path d=\"M12.4565 10.8671C12.1931 11.0903 11.8069 11.0903 11.5436 10.8671C9.04795 8.75151 7.76475 6.69838 7.76475 4.68159C7.7647 2.34248 9.66094 0.446289 12 0.446289C14.3391 0.446289 16.2353 2.34248 16.2353 4.68159C16.2353 6.69838 14.9521 8.75151 12.4565 10.8671ZM12.4565 14.0255C14.9521 16.1411 16.2353 18.1942 16.2353 20.211C16.2353 22.5501 14.3391 24.4463 12 24.4463C9.66089 24.4463 7.7647 22.5501 7.7647 20.211C7.7647 18.1942 9.04791 16.1411 11.5435 14.0255C11.8069 13.8022 12.1931 13.8022 12.4565 14.0255ZM13.5792 12.9028C13.356 12.6394 13.356 12.2532 13.5792 11.9899C15.6948 9.49424 17.748 8.21104 19.7647 8.21104C22.1038 8.21099 24 10.1072 24 12.4463C24 14.7854 22.1038 16.6816 19.7647 16.6816C17.7479 16.6816 15.6948 15.3984 13.5792 12.9028ZM10.4208 12.9028C8.30517 15.3984 6.25205 16.6816 4.2353 16.6816C1.89619 16.6816 0 14.7854 0 12.4463C0 10.1072 1.89619 8.21099 4.2353 8.21099C6.25209 8.21099 8.30522 9.49419 10.4208 11.9898C10.644 12.2532 10.644 12.6394 10.4208 12.9028Z\" fill=\"currentColor\"><\/path><\/svg>\t\t\t\t\t\t<\/span>\n\t\t\t\t\t\t\t\t\t\t<span class=\"elementor-icon-list-text\">La parotidite r\u00e9currente juv\u00e9nile<\/span>\n\t\t\t\t\t\t\t\t\t<\/li>\n\t\t\t\t\t\t<\/ul>\n\t\t\t\t\t\t<\/div>\n\t\t\t\t<\/div>\n\t\t\t\t<\/div>\n\t\t\t\t\t<\/div>\n\t\t\t\t<\/div>\n\t\t<div class=\"elementor-element elementor-element-3dc33d5 e-flex e-con-boxed e-con e-parent\" data-id=\"3dc33d5\" data-element_type=\"container\" data-e-type=\"container\">\n\t\t\t\t\t<div class=\"e-con-inner\">\n\t\t<div class=\"elementor-element elementor-element-6c488ec e-con-full e-flex e-con e-child\" data-id=\"6c488ec\" data-element_type=\"container\" data-e-type=\"container\" data-settings=\"{&quot;background_background&quot;:&quot;classic&quot;}\">\n\t\t<div class=\"elementor-element elementor-element-866e138 e-con-full e-flex e-con e-child\" data-id=\"866e138\" data-element_type=\"container\" data-e-type=\"container\" data-settings=\"{&quot;sticky&quot;:&quot;top&quot;,&quot;sticky_offset&quot;:50,&quot;sticky_parent&quot;:&quot;yes&quot;,&quot;sticky_on&quot;:[&quot;desktop&quot;,&quot;tablet&quot;],&quot;sticky_effects_offset&quot;:0,&quot;sticky_anchor_link_offset&quot;:0}\">\n\t\t\t\t<div class=\"elementor-element elementor-element-4c5191e elementor-widget elementor-widget-image\" data-id=\"4c5191e\" data-element_type=\"widget\" data-e-type=\"widget\" data-widget_type=\"image.default\">\n\t\t\t\t\t\t\t\t\t\t\t\t\t\t\t\t<a href=\"https:\/\/parotide.eu\/wp-content\/uploads\/2026\/02\/Sialectasie-parotide.jpg\" data-elementor-open-lightbox=\"yes\" data-elementor-lightbox-title=\"Sialectasie-parotide\" data-e-action-hash=\"#elementor-action%3Aaction%3Dlightbox%26settings%3DeyJpZCI6MjU3LCJ1cmwiOiJodHRwczpcL1wvcGFyb3RpZGUuZXVcL3dwLWNvbnRlbnRcL3VwbG9hZHNcLzIwMjZcLzAyXC9TaWFsZWN0YXNpZS1wYXJvdGlkZS5qcGcifQ%3D%3D\">\n\t\t\t\t\t\t\t<img fetchpriority=\"high\" decoding=\"async\" width=\"306\" height=\"318\" src=\"https:\/\/parotide.eu\/wp-content\/uploads\/2026\/02\/Sialectasie-parotide.jpg\" class=\"attachment-full size-full wp-image-257\" alt=\"\" srcset=\"https:\/\/parotide.eu\/wp-content\/uploads\/2026\/02\/Sialectasie-parotide.jpg 306w, https:\/\/parotide.eu\/wp-content\/uploads\/2026\/02\/Sialectasie-parotide-289x300.jpg 289w\" sizes=\"(max-width: 306px) 100vw, 306px\" \/>\t\t\t\t\t\t\t\t<\/a>\n\t\t\t\t\t\t\t\t\t\t\t\t\t\t\t<\/div>\n\t\t\t\t<\/div>\n\t\t<div class=\"elementor-element elementor-element-cb74b02 e-con-full e-flex e-con e-child\" data-id=\"cb74b02\" data-element_type=\"container\" data-e-type=\"container\">\n\t\t\t\t<div class=\"elementor-element elementor-element-f17df46 elementor-invisible elementor-widget elementor-widget-heading\" data-id=\"f17df46\" data-element_type=\"widget\" data-e-type=\"widget\" data-settings=\"{&quot;_animation&quot;:&quot;fadeInUp&quot;}\" data-widget_type=\"heading.default\">\n\t\t\t\t\t<h2 class=\"elementor-heading-title elementor-size-default\">La parotidite r\u00e9currente juv\u00e9nile<\/h2>\t\t\t\t<\/div>\n\t\t\t\t<div class=\"elementor-element elementor-element-042ac66 elementor-invisible elementor-widget elementor-widget-text-editor\" data-id=\"042ac66\" data-element_type=\"widget\" data-e-type=\"widget\" data-settings=\"{&quot;_animation&quot;:&quot;fadeInUp&quot;}\" data-widget_type=\"text-editor.default\">\n\t\t\t\t\t\t\t\t\t<p>Il s\u2019agit d\u2019une infection \u00e0 r\u00e9p\u00e9tition de la glande parotide qui affecte certains enfants. Elle se manifeste par des \u00e9pisodes de gonflement douloureux de la glande parotide. La maladie apparait habituellement \u00e0 l\u2019\u00e2ge de 3 \u00e0 5 ans.<\/p><p>Dans la plupart des cas la maladie est r\u00e9solue\u00a0 \u00e0 la fin de la pubert\u00e9. Le traitement est souvent conservateur, ayant pour objectif de procurer un traitement symptomatique ainsi que la pr\u00e9vention des r\u00e9cidives et de la destruction de la glande. Non trait\u00e9e, elle peut en effet aboutir \u00e0 la destruction totale de la glande.<\/p>\t\t\t\t\t\t\t\t<\/div>\n\t\t<div class=\"elementor-element elementor-element-23e18a9 e-con-full e-flex elementor-invisible e-con e-child\" data-id=\"23e18a9\" data-element_type=\"container\" data-e-type=\"container\" data-settings=\"{&quot;background_background&quot;:&quot;classic&quot;,&quot;animation&quot;:&quot;fadeInUp&quot;}\">\n\t\t\t\t<div class=\"elementor-element elementor-element-70e181f elementor-view-stacked elementor-position-inline-start elementor-mobile-position-inline-start elementor-shape-circle elementor-widget elementor-widget-icon-box\" data-id=\"70e181f\" data-element_type=\"widget\" data-e-type=\"widget\" data-widget_type=\"icon-box.default\">\n\t\t\t\t\t\t\t<div class=\"elementor-icon-box-wrapper\">\n\n\t\t\t\t\t\t<div class=\"elementor-icon-box-icon\">\n\t\t\t\t<a href=\"https:\/\/wa.me\/32491070432\" class=\"elementor-icon\" tabindex=\"-1\" aria-label=\"Disponible uniquement sur WhatsApp\">\n\t\t\t\t<svg aria-hidden=\"true\" class=\"e-font-icon-svg e-fab-whatsapp\" viewBox=\"0 0 448 512\" xmlns=\"http:\/\/www.w3.org\/2000\/svg\"><path d=\"M380.9 97.1C339 55.1 283.2 32 223.9 32c-122.4 0-222 99.6-222 222 0 39.1 10.2 77.3 29.6 111L0 480l117.7-30.9c32.4 17.7 68.9 27 106.1 27h.1c122.3 0 224.1-99.6 224.1-222 0-59.3-25.2-115-67.1-157zm-157 341.6c-33.2 0-65.7-8.9-94-25.7l-6.7-4-69.8 18.3L72 359.2l-4.4-7c-18.5-29.4-28.2-63.3-28.2-98.2 0-101.7 82.8-184.5 184.6-184.5 49.3 0 95.6 19.2 130.4 54.1 34.8 34.9 56.2 81.2 56.1 130.5 0 101.8-84.9 184.6-186.6 184.6zm101.2-138.2c-5.5-2.8-32.8-16.2-37.9-18-5.1-1.9-8.8-2.8-12.5 2.8-3.7 5.6-14.3 18-17.6 21.8-3.2 3.7-6.5 4.2-12 1.4-32.6-16.3-54-29.1-75.5-66-5.7-9.8 5.7-9.1 16.3-30.3 1.8-3.7.9-6.9-.5-9.7-1.4-2.8-12.5-30.1-17.1-41.2-4.5-10.8-9.1-9.3-12.5-9.5-3.2-.2-6.9-.2-10.6-.2-3.7 0-9.7 1.4-14.8 6.9-5.1 5.6-19.4 19-19.4 46.3 0 27.3 19.9 53.7 22.6 57.4 2.8 3.7 39.1 59.7 94.8 83.8 35.2 15.2 49 16.5 66.6 13.9 10.7-1.6 32.8-13.4 37.4-26.4 4.6-13 4.6-24.1 3.2-26.4-1.3-2.5-5-3.9-10.5-6.6z\"><\/path><\/svg>\t\t\t\t<\/a>\n\t\t\t<\/div>\n\t\t\t\n\t\t\t\t\t\t<div class=\"elementor-icon-box-content\">\n\n\t\t\t\t\t\t\t\t\t<h3 class=\"elementor-icon-box-title\">\n\t\t\t\t\t\t<a href=\"https:\/\/wa.me\/32491070432\" >\n\t\t\t\t\t\t\tDisponible uniquement sur WhatsApp\t\t\t\t\t\t<\/a>\n\t\t\t\t\t<\/h3>\n\t\t\t\t\n\t\t\t\t\t\t\t\t\t<p class=\"elementor-icon-box-description\">\n\t\t\t\t\t\t+32 (0) 4 9107 0432\n\t\t\t\t\t<\/p>\n\t\t\t\t\n\t\t\t<\/div>\n\t\t\t\n\t\t<\/div>\n\t\t\t\t\t\t<\/div>\n\t\t\t\t<\/div>\n\t\t\t\t<\/div>\n\t\t\t\t<\/div>\n\t\t\t\t\t<\/div>\n\t\t\t\t<\/div>\n\t\t\t\t<\/div>\n\t\t","protected":false},"excerpt":{"rendered":"<p>La parotidite r\u00e9currente juv\u00e9nile Acceuil \/ La parotidite r\u00e9currente juv\u00e9nile Il s\u2019agit d\u2019une infection \u00e0 r\u00e9p\u00e9tition de la glande parotide qui affecte certains enfants. Elle se manifeste par des \u00e9pisodes de gonflement douloureux de la glande parotide. La maladie apparait habituellement \u00e0 l\u2019\u00e2ge de 3 \u00e0 5 ans. Dans la plupart des cas la maladie [&hellip;]<\/p>\n","protected":false},"author":1,"featured_media":0,"parent":224,"menu_order":0,"comment_status":"closed","ping_status":"closed","template":"elementor_header_footer","meta":{"footnotes":""},"class_list":["post-255","page","type-page","status-publish","hentry"],"_links":{"self":[{"href":"https:\/\/parotide.eu\/en\/wp-json\/wp\/v2\/pages\/255","targetHints":{"allow":["GET"]}}],"collection":[{"href":"https:\/\/parotide.eu\/en\/wp-json\/wp\/v2\/pages"}],"about":[{"href":"https:\/\/parotide.eu\/en\/wp-json\/wp\/v2\/types\/page"}],"author":[{"embeddable":true,"href":"https:\/\/parotide.eu\/en\/wp-json\/wp\/v2\/users\/1"}],"replies":[{"embeddable":true,"href":"https:\/\/parotide.eu\/en\/wp-json\/wp\/v2\/comments?post=255"}],"version-history":[{"count":7,"href":"https:\/\/parotide.eu\/en\/wp-json\/wp\/v2\/pages\/255\/revisions"}],"predecessor-version":[{"id":506,"href":"https:\/\/parotide.eu\/en\/wp-json\/wp\/v2\/pages\/255\/revisions\/506"}],"up":[{"embeddable":true,"href":"https:\/\/parotide.eu\/en\/wp-json\/wp\/v2\/pages\/224"}],"wp:attachment":[{"href":"https:\/\/parotide.eu\/en\/wp-json\/wp\/v2\/media?parent=255"}],"curies":[{"name":"wp","href":"https:\/\/api.w.org\/{rel}","templated":true}]}}