{"id":267,"date":"2026-02-27T03:50:49","date_gmt":"2026-02-27T03:50:49","guid":{"rendered":"https:\/\/generativereport.com\/?page_id=267"},"modified":"2026-03-09T06:56:33","modified_gmt":"2026-03-09T06:56:33","slug":"tumeurs-de-la-parotide","status":"publish","type":"page","link":"https:\/\/parotide.eu\/en\/pathologies\/tumeurs-de-la-parotide\/","title":{"rendered":"Parotid Tumors"},"content":{"rendered":"\t\t<div data-elementor-type=\"wp-page\" data-elementor-id=\"267\" class=\"elementor elementor-267\" data-elementor-post-type=\"page\">\n\t\t\t\t<div class=\"elementor-element elementor-element-188fcef e-flex e-con-boxed e-con e-parent\" data-id=\"188fcef\" data-element_type=\"container\" data-e-type=\"container\">\n\t\t\t\t\t<div class=\"e-con-inner\">\n\t\t<div class=\"elementor-element elementor-element-cb0532d e-con-full e-flex e-con e-child\" data-id=\"cb0532d\" data-element_type=\"container\" data-e-type=\"container\" data-settings=\"{&quot;background_background&quot;:&quot;classic&quot;}\">\n\t\t<div class=\"elementor-element elementor-element-d54f88a e-con-full e-flex e-con e-child\" data-id=\"d54f88a\" data-element_type=\"container\" data-e-type=\"container\">\n\t\t\t\t<div class=\"elementor-element elementor-element-02938fe elementor-invisible elementor-widget elementor-widget-heading\" data-id=\"02938fe\" data-element_type=\"widget\" data-e-type=\"widget\" data-settings=\"{&quot;_animation&quot;:&quot;fadeInUp&quot;}\" data-widget_type=\"heading.default\">\n\t\t\t\t\t<h1 class=\"elementor-heading-title elementor-size-default\">Tumeurs de la parotide<\/h1>\t\t\t\t<\/div>\n\t\t\t\t<div class=\"elementor-element elementor-element-8071db5 elementor-icon-list--layout-inline elementor-align-center elementor-list-item-link-full_width elementor-invisible elementor-widget elementor-widget-icon-list\" data-id=\"8071db5\" data-element_type=\"widget\" data-e-type=\"widget\" data-settings=\"{&quot;_animation&quot;:&quot;fadeInUp&quot;}\" data-widget_type=\"icon-list.default\">\n\t\t\t\t\t\t\t<ul class=\"elementor-icon-list-items elementor-inline-items\">\n\t\t\t\t\t\t\t<li class=\"elementor-icon-list-item elementor-inline-item\">\n\t\t\t\t\t\t\t\t\t\t\t<a href=\"https:\/\/parotide.eu\/en\">\n\n\t\t\t\t\t\t\t\t\t\t\t\t<span class=\"elementor-icon-list-icon\">\n\t\t\t\t\t\t\t<svg xmlns=\"http:\/\/www.w3.org\/2000\/svg\" width=\"24\" height=\"25\" viewBox=\"0 0 24 25\" fill=\"none\"><path d=\"M12.4565 10.8671C12.1931 11.0903 11.8069 11.0903 11.5436 10.8671C9.04795 8.75151 7.76475 6.69838 7.76475 4.68159C7.7647 2.34248 9.66094 0.446289 12 0.446289C14.3391 0.446289 16.2353 2.34248 16.2353 4.68159C16.2353 6.69838 14.9521 8.75151 12.4565 10.8671ZM12.4565 14.0255C14.9521 16.1411 16.2353 18.1942 16.2353 20.211C16.2353 22.5501 14.3391 24.4463 12 24.4463C9.66089 24.4463 7.7647 22.5501 7.7647 20.211C7.7647 18.1942 9.04791 16.1411 11.5435 14.0255C11.8069 13.8022 12.1931 13.8022 12.4565 14.0255ZM13.5792 12.9028C13.356 12.6394 13.356 12.2532 13.5792 11.9899C15.6948 9.49424 17.748 8.21104 19.7647 8.21104C22.1038 8.21099 24 10.1072 24 12.4463C24 14.7854 22.1038 16.6816 19.7647 16.6816C17.7479 16.6816 15.6948 15.3984 13.5792 12.9028ZM10.4208 12.9028C8.30517 15.3984 6.25205 16.6816 4.2353 16.6816C1.89619 16.6816 0 14.7854 0 12.4463C0 10.1072 1.89619 8.21099 4.2353 8.21099C6.25209 8.21099 8.30522 9.49419 10.4208 11.9898C10.644 12.2532 10.644 12.6394 10.4208 12.9028Z\" fill=\"currentColor\"><\/path><\/svg>\t\t\t\t\t\t<\/span>\n\t\t\t\t\t\t\t\t\t\t<span class=\"elementor-icon-list-text\">Acceuil<\/span>\n\t\t\t\t\t\t\t\t\t\t\t<\/a>\n\t\t\t\t\t\t\t\t\t<\/li>\n\t\t\t\t\t\t\t\t<li class=\"elementor-icon-list-item elementor-inline-item\">\n\t\t\t\t\t\t\t\t\t\t<span class=\"elementor-icon-list-text\">\/<\/span>\n\t\t\t\t\t\t\t\t\t<\/li>\n\t\t\t\t\t\t\t\t<li class=\"elementor-icon-list-item elementor-inline-item\">\n\t\t\t\t\t\t\t\t\t\t\t<span class=\"elementor-icon-list-icon\">\n\t\t\t\t\t\t\t<svg xmlns=\"http:\/\/www.w3.org\/2000\/svg\" width=\"24\" height=\"25\" viewBox=\"0 0 24 25\" fill=\"none\"><path d=\"M12.4565 10.8671C12.1931 11.0903 11.8069 11.0903 11.5436 10.8671C9.04795 8.75151 7.76475 6.69838 7.76475 4.68159C7.7647 2.34248 9.66094 0.446289 12 0.446289C14.3391 0.446289 16.2353 2.34248 16.2353 4.68159C16.2353 6.69838 14.9521 8.75151 12.4565 10.8671ZM12.4565 14.0255C14.9521 16.1411 16.2353 18.1942 16.2353 20.211C16.2353 22.5501 14.3391 24.4463 12 24.4463C9.66089 24.4463 7.7647 22.5501 7.7647 20.211C7.7647 18.1942 9.04791 16.1411 11.5435 14.0255C11.8069 13.8022 12.1931 13.8022 12.4565 14.0255ZM13.5792 12.9028C13.356 12.6394 13.356 12.2532 13.5792 11.9899C15.6948 9.49424 17.748 8.21104 19.7647 8.21104C22.1038 8.21099 24 10.1072 24 12.4463C24 14.7854 22.1038 16.6816 19.7647 16.6816C17.7479 16.6816 15.6948 15.3984 13.5792 12.9028ZM10.4208 12.9028C8.30517 15.3984 6.25205 16.6816 4.2353 16.6816C1.89619 16.6816 0 14.7854 0 12.4463C0 10.1072 1.89619 8.21099 4.2353 8.21099C6.25209 8.21099 8.30522 9.49419 10.4208 11.9898C10.644 12.2532 10.644 12.6394 10.4208 12.9028Z\" fill=\"currentColor\"><\/path><\/svg>\t\t\t\t\t\t<\/span>\n\t\t\t\t\t\t\t\t\t\t<span class=\"elementor-icon-list-text\">Tumeurs de la parotide<\/span>\n\t\t\t\t\t\t\t\t\t<\/li>\n\t\t\t\t\t\t<\/ul>\n\t\t\t\t\t\t<\/div>\n\t\t\t\t<\/div>\n\t\t\t\t<\/div>\n\t\t\t\t\t<\/div>\n\t\t\t\t<\/div>\n\t\t<div class=\"elementor-element elementor-element-3dc33d5 e-flex e-con-boxed e-con e-parent\" data-id=\"3dc33d5\" data-element_type=\"container\" data-e-type=\"container\">\n\t\t\t\t\t<div class=\"e-con-inner\">\n\t\t<div class=\"elementor-element elementor-element-6c488ec e-con-full e-flex e-con e-child\" data-id=\"6c488ec\" data-element_type=\"container\" data-e-type=\"container\" data-settings=\"{&quot;background_background&quot;:&quot;classic&quot;}\">\n\t\t<div class=\"elementor-element elementor-element-866e138 e-con-full e-flex e-con e-child\" data-id=\"866e138\" data-element_type=\"container\" data-e-type=\"container\" data-settings=\"{&quot;sticky&quot;:&quot;top&quot;,&quot;sticky_offset&quot;:50,&quot;sticky_parent&quot;:&quot;yes&quot;,&quot;sticky_on&quot;:[&quot;desktop&quot;,&quot;tablet&quot;],&quot;sticky_effects_offset&quot;:0,&quot;sticky_anchor_link_offset&quot;:0}\">\n\t\t\t\t<div class=\"elementor-element elementor-element-4c5191e elementor-widget elementor-widget-image\" data-id=\"4c5191e\" data-element_type=\"widget\" data-e-type=\"widget\" data-widget_type=\"image.default\">\n\t\t\t\t\t\t\t\t\t\t\t\t\t\t\t\t<a href=\"https:\/\/parotide.eu\/wp-content\/uploads\/2026\/02\/Tumeur-de-la-parotide-1.jpg\" data-elementor-open-lightbox=\"yes\" data-elementor-lightbox-title=\"Tumeur-de-la-parotide-1\" data-e-action-hash=\"#elementor-action%3Aaction%3Dlightbox%26settings%3DeyJpZCI6MjcwLCJ1cmwiOiJodHRwczpcL1wvcGFyb3RpZGUuZXVcL3dwLWNvbnRlbnRcL3VwbG9hZHNcLzIwMjZcLzAyXC9UdW1ldXItZGUtbGEtcGFyb3RpZGUtMS5qcGcifQ%3D%3D\">\n\t\t\t\t\t\t\t<img fetchpriority=\"high\" decoding=\"async\" width=\"513\" height=\"513\" src=\"https:\/\/parotide.eu\/wp-content\/uploads\/2026\/02\/Tumeur-de-la-parotide-1.jpg\" class=\"attachment-full size-full wp-image-270\" alt=\"\" srcset=\"https:\/\/parotide.eu\/wp-content\/uploads\/2026\/02\/Tumeur-de-la-parotide-1.jpg 513w, https:\/\/parotide.eu\/wp-content\/uploads\/2026\/02\/Tumeur-de-la-parotide-1-300x300.jpg 300w, https:\/\/parotide.eu\/wp-content\/uploads\/2026\/02\/Tumeur-de-la-parotide-1-150x150.jpg 150w\" sizes=\"(max-width: 513px) 100vw, 513px\" \/>\t\t\t\t\t\t\t\t<\/a>\n\t\t\t\t\t\t\t\t\t\t\t\t\t\t\t<\/div>\n\t\t\t\t<div class=\"elementor-element elementor-element-9701f32 elementor-widget elementor-widget-image\" data-id=\"9701f32\" data-element_type=\"widget\" data-e-type=\"widget\" data-widget_type=\"image.default\">\n\t\t\t\t\t\t\t\t\t\t\t\t\t\t\t\t<a href=\"https:\/\/parotide.eu\/wp-content\/uploads\/2026\/02\/Tumeur-de-la-parotide-2.jpg\" data-elementor-open-lightbox=\"yes\" data-elementor-lightbox-title=\"Tumeur-de-la-parotide-2\" data-e-action-hash=\"#elementor-action%3Aaction%3Dlightbox%26settings%3DeyJpZCI6MjY5LCJ1cmwiOiJodHRwczpcL1wvcGFyb3RpZGUuZXVcL3dwLWNvbnRlbnRcL3VwbG9hZHNcLzIwMjZcLzAyXC9UdW1ldXItZGUtbGEtcGFyb3RpZGUtMi5qcGcifQ%3D%3D\">\n\t\t\t\t\t\t\t<img decoding=\"async\" width=\"810\" height=\"818\" src=\"https:\/\/parotide.eu\/wp-content\/uploads\/2026\/02\/Tumeur-de-la-parotide-2.jpg\" class=\"attachment-full size-full wp-image-269\" alt=\"\" srcset=\"https:\/\/parotide.eu\/wp-content\/uploads\/2026\/02\/Tumeur-de-la-parotide-2.jpg 810w, https:\/\/parotide.eu\/wp-content\/uploads\/2026\/02\/Tumeur-de-la-parotide-2-297x300.jpg 297w, https:\/\/parotide.eu\/wp-content\/uploads\/2026\/02\/Tumeur-de-la-parotide-2-150x150.jpg 150w, https:\/\/parotide.eu\/wp-content\/uploads\/2026\/02\/Tumeur-de-la-parotide-2-768x776.jpg 768w\" sizes=\"(max-width: 810px) 100vw, 810px\" \/>\t\t\t\t\t\t\t\t<\/a>\n\t\t\t\t\t\t\t\t\t\t\t\t\t\t\t<\/div>\n\t\t\t\t<\/div>\n\t\t<div class=\"elementor-element elementor-element-cb74b02 e-con-full e-flex e-con e-child\" data-id=\"cb74b02\" data-element_type=\"container\" data-e-type=\"container\">\n\t\t\t\t<div class=\"elementor-element elementor-element-f17df46 elementor-invisible elementor-widget elementor-widget-heading\" data-id=\"f17df46\" data-element_type=\"widget\" data-e-type=\"widget\" data-settings=\"{&quot;_animation&quot;:&quot;fadeInUp&quot;}\" data-widget_type=\"heading.default\">\n\t\t\t\t\t<h2 class=\"elementor-heading-title elementor-size-default\">TUMEURS DE LA PAROTIDE<\/h2>\t\t\t\t<\/div>\n\t\t\t\t<div class=\"elementor-element elementor-element-042ac66 elementor-invisible elementor-widget elementor-widget-text-editor\" data-id=\"042ac66\" data-element_type=\"widget\" data-e-type=\"widget\" data-settings=\"{&quot;_animation&quot;:&quot;fadeInUp&quot;}\" data-widget_type=\"text-editor.default\">\n\t\t\t\t\t\t\t\t\t<p>Parfois, les cellules de la glande parotide se comportent de fa\u00e7on anormale. Ainsi elles se multiplient sans arr\u00eat et la parotide\u00a0 augmente donc de taille. Dans pr\u00e8s de 75 \u00e0 80% des cas, ces masses sont b\u00e9nignes.<\/p>\t\t\t\t\t\t\t\t<\/div>\n\t\t\t\t<div class=\"elementor-element elementor-element-c29f65b elementor-invisible elementor-widget elementor-widget-heading\" data-id=\"c29f65b\" data-element_type=\"widget\" data-e-type=\"widget\" data-settings=\"{&quot;_animation&quot;:&quot;fadeInUp&quot;}\" data-widget_type=\"heading.default\">\n\t\t\t\t\t<h2 class=\"elementor-heading-title elementor-size-default\">Diff\u00e9rents types de tumeurs :<\/h2>\t\t\t\t<\/div>\n\t\t\t\t<div class=\"elementor-element elementor-element-52b7c14 elementor-invisible elementor-widget elementor-widget-text-editor\" data-id=\"52b7c14\" data-element_type=\"widget\" data-e-type=\"widget\" data-settings=\"{&quot;_animation&quot;:&quot;fadeInUp&quot;}\" data-widget_type=\"text-editor.default\">\n\t\t\t\t\t\t\t\t\t<p>Parmi les tumeurs b\u00e9nignes, le type histologique le plus fr\u00e9quent est l\u2019ad\u00e9nome pl\u00e9omorphe ou tumeur mixte, suivi par la tumeur de Warthin. Les tumeurs malignes de la parotide sont plus rares et consistent en cancer primaire de la glande,\u00a0 lymphome ou encore\u00a0 m\u00e9tastases \u00e0 distance provenant d\u2019autres tumeurs malignes.<\/p>\t\t\t\t\t\t\t\t<\/div>\n\t\t\t\t<div class=\"elementor-element elementor-element-c980c15 elementor-invisible elementor-widget elementor-widget-heading\" data-id=\"c980c15\" data-element_type=\"widget\" data-e-type=\"widget\" data-settings=\"{&quot;_animation&quot;:&quot;fadeInUp&quot;}\" data-widget_type=\"heading.default\">\n\t\t\t\t\t<h2 class=\"elementor-heading-title elementor-size-default\">Sympt\u00f4mes:<\/h2>\t\t\t\t<\/div>\n\t\t\t\t<div class=\"elementor-element elementor-element-af642b2 elementor-invisible elementor-widget elementor-widget-text-editor\" data-id=\"af642b2\" data-element_type=\"widget\" data-e-type=\"widget\" data-settings=\"{&quot;_animation&quot;:&quot;fadeInUp&quot;}\" data-widget_type=\"text-editor.default\">\n\t\t\t\t\t\t\t\t\t<p>Ces tumeurs se pr\u00e9sentent typiquement sous forme d\u2019une tum\u00e9faction (une boule) indolore et bien d\u00e9limit\u00e9e et d\u2019\u00e9volution lente. Le d\u00e9veloppement d\u2019une paralysie faciale associ\u00e9e, une \u00e9volution rapide, le d\u00e9veloppement de\u00a0 douleur ou l\u2019immobilit\u00e9 (fixit\u00e9) de la tumeur sont tous des signes d\u2019une tumeur maligne (cancer).<\/p>\t\t\t\t\t\t\t\t<\/div>\n\t\t\t\t<div class=\"elementor-element elementor-element-c679c5a elementor-invisible elementor-widget elementor-widget-heading\" data-id=\"c679c5a\" data-element_type=\"widget\" data-e-type=\"widget\" data-settings=\"{&quot;_animation&quot;:&quot;fadeInUp&quot;}\" data-widget_type=\"heading.default\">\n\t\t\t\t\t<h2 class=\"elementor-heading-title elementor-size-default\">Pronostic:<\/h2>\t\t\t\t<\/div>\n\t\t\t\t<div class=\"elementor-element elementor-element-4209f84 elementor-invisible elementor-widget elementor-widget-text-editor\" data-id=\"4209f84\" data-element_type=\"widget\" data-e-type=\"widget\" data-settings=\"{&quot;_animation&quot;:&quot;fadeInUp&quot;}\" data-widget_type=\"text-editor.default\">\n\t\t\t\t\t\t\t\t\t<div class=\"wpb_column vc_column_container vc_col-sm-8\"><div class=\"vc_column-inner\"><div class=\"wpb_wrapper\"><div class=\"qodef-elements-holder qodef-responsive-mode-768\"><div class=\"qodef-elements-holder-item qodef-vertical-alignment-middle qodef-horizontal-alignment-left\"><div class=\"qodef-elements-holder-item-inner\"><div class=\"qodef-elements-holder-item-content qodef-elements-holder-custom-758119\"><div class=\"wpb_text_column wpb_content_element \"><div class=\"wpb_wrapper\"><p>Dans le cas des tumeurs b\u00e9nignes, le pronostic est g\u00e9n\u00e9ralement bon mais il faut toutefois savoir qu\u2019une transformation maligne peut survenir dans\u00a0 3 \u00e0 4% des ad\u00e9nomes pl\u00e9omorphes, qui pr\u00e9sentent \u00e9galement la caract\u00e9ristique de r\u00e9cidiver apr\u00e8s la chirurgie.<\/p><p>L\u2019expertise du chirurgien est donc un facteur d\u00e9terminant pour r\u00e9duire le risque de diss\u00e9mination tumorale pendant la chirurgie et ainsi le risque de r\u00e9cidive. Il n\u2019 y a pas de risque de transformation maligne des tumeurs de Warthin. Toutefois, ces tumeur kystiques peuvent augmenter rapidement de taille en cas d\u2019infection ou de saignement interne.<\/p><\/div><\/div><\/div><\/div><\/div><\/div><\/div><\/div><\/div><div class=\"wpb_column vc_column_container vc_col-sm-12\"><div class=\"vc_column-inner\"><div class=\"wpb_wrapper\"><div class=\"qodef-elements-holder qodef-responsive-mode-768\"><div class=\"qodef-elements-holder-item qodef-vertical-alignment-middle qodef-horizontal-alignment-left\"><div class=\"qodef-elements-holder-item-inner\"><div class=\"qodef-elements-holder-item-content qodef-elements-holder-custom-142028\"><div class=\"wpb_text_column wpb_content_element \"><div class=\"wpb_wrapper\"><p>Le pronostic des tumeurs malignes par contre d\u00e9pend de leur type histologique, de leur taille ainsi que de la pr\u00e9sence de m\u00e9tastases locales, r\u00e9gionales ou distantes. Les principales tumeurs malignes de la parotide sont le carcinome ad\u00e9no\u00efde kystique et le carcinome muco-\u00e9pidermoide.<\/p><p>Les facteurs les plus importants en terme de risque de r\u00e9cidive suite \u00e0 l\u2019ablation d\u2019une tumeur maligne sont: le succ\u00e8s de la chirurgie signifiant l\u2019ablation compl\u00e8te de la tumeur, le type de cancer et son stage (propagation, degr\u00e9 d\u2019\u00e9volution). Si la tumeur s\u2019est plus propag\u00e9e ou s\u2019il s\u2019agit une tumeur plus agressive, le risque de r\u00e9cidive apr\u00e8s la chirurgie est plus \u00e9lev\u00e9. L\u2019\u00e9chec d\u2019une ablation compl\u00e8te entra\u00eene forc\u00e9ment une r\u00e9cidive. De plus, il arrive que malgr\u00e9 la chirurgie et la radioth\u00e9rapie, certaines tumeurs demeurent actives. En somme, tout est fonction de la nature du cancer, de sa propagation, de son stade d\u2019\u00e9volution et de la r\u00e9ussite de la chirurgie.<\/p><\/div><\/div><\/div><\/div><\/div><\/div><\/div><\/div><\/div>\t\t\t\t\t\t\t\t<\/div>\n\t\t\t\t<div class=\"elementor-element elementor-element-5abe6f6 elementor-invisible elementor-widget elementor-widget-heading\" data-id=\"5abe6f6\" data-element_type=\"widget\" data-e-type=\"widget\" data-settings=\"{&quot;_animation&quot;:&quot;fadeInUp&quot;}\" data-widget_type=\"heading.default\">\n\t\t\t\t\t<h2 class=\"elementor-heading-title elementor-size-default\">Mise au point:<\/h2>\t\t\t\t<\/div>\n\t\t\t\t<div class=\"elementor-element elementor-element-1bc768a elementor-invisible elementor-widget elementor-widget-text-editor\" data-id=\"1bc768a\" data-element_type=\"widget\" data-e-type=\"widget\" data-settings=\"{&quot;_animation&quot;:&quot;fadeInUp&quot;}\" data-widget_type=\"text-editor.default\">\n\t\t\t\t\t\t\t\t\t<p>A part dans le cas des lymphomes et des tumeurs m\u00e9tastatiques, le traitement id\u00e9al des tumeurs parotidiennes b\u00e9nignes ou malignes est chirurgical. Dans les rares cas o\u00f9 l\u2019\u00e9tat de sant\u00e9 du patient est une contre-indication \u00e0 la chirurgie, on pr\u00e9conisera un traitement conservateur bas\u00e9 sur le suivi clinique et radiologique. Lors de votre consultation, une anamn\u00e8se d\u00e9taill\u00e9e ainsi qu\u2019un examen clinique minutieux permettront au Dr Yousefpour de cerner au mieux votre condition. Il compl\u00e9tera sa mise au point en demandant des examens compl\u00e9mentaires tels qu\u2019une IRM (imagerie par r\u00e9sonance magn\u00e9tique \u00e9galement appel\u00e9e RMN ou r\u00e9sonance magn\u00e9tique nucl\u00e9aire) ainsi qu\u2019une biopsie \u00e9cho-guid\u00e9e (examen lors duquel le radiologue performera une biopsie guid\u00e9e par \u00e9chographie). Au terme de cette mise au point le Dr Yousefpour discutera avec vous le diagnostic, le pronostic ainsi que les diff\u00e9rentes options de traitement.<\/p>\t\t\t\t\t\t\t\t<\/div>\n\t\t<div class=\"elementor-element elementor-element-23e18a9 e-con-full e-flex elementor-invisible e-con e-child\" data-id=\"23e18a9\" data-element_type=\"container\" data-e-type=\"container\" data-settings=\"{&quot;background_background&quot;:&quot;classic&quot;,&quot;animation&quot;:&quot;fadeInUp&quot;}\">\n\t\t\t\t<div class=\"elementor-element elementor-element-9bdf66c elementor-view-stacked elementor-position-inline-start elementor-mobile-position-inline-start elementor-shape-circle elementor-widget elementor-widget-icon-box\" data-id=\"9bdf66c\" data-element_type=\"widget\" data-e-type=\"widget\" data-widget_type=\"icon-box.default\">\n\t\t\t\t\t\t\t<div class=\"elementor-icon-box-wrapper\">\n\n\t\t\t\t\t\t<div class=\"elementor-icon-box-icon\">\n\t\t\t\t<a href=\"https:\/\/wa.me\/32491070432\" class=\"elementor-icon\" tabindex=\"-1\" aria-label=\"Disponible uniquement sur WhatsApp\">\n\t\t\t\t<svg aria-hidden=\"true\" class=\"e-font-icon-svg e-fab-whatsapp\" viewBox=\"0 0 448 512\" xmlns=\"http:\/\/www.w3.org\/2000\/svg\"><path d=\"M380.9 97.1C339 55.1 283.2 32 223.9 32c-122.4 0-222 99.6-222 222 0 39.1 10.2 77.3 29.6 111L0 480l117.7-30.9c32.4 17.7 68.9 27 106.1 27h.1c122.3 0 224.1-99.6 224.1-222 0-59.3-25.2-115-67.1-157zm-157 341.6c-33.2 0-65.7-8.9-94-25.7l-6.7-4-69.8 18.3L72 359.2l-4.4-7c-18.5-29.4-28.2-63.3-28.2-98.2 0-101.7 82.8-184.5 184.6-184.5 49.3 0 95.6 19.2 130.4 54.1 34.8 34.9 56.2 81.2 56.1 130.5 0 101.8-84.9 184.6-186.6 184.6zm101.2-138.2c-5.5-2.8-32.8-16.2-37.9-18-5.1-1.9-8.8-2.8-12.5 2.8-3.7 5.6-14.3 18-17.6 21.8-3.2 3.7-6.5 4.2-12 1.4-32.6-16.3-54-29.1-75.5-66-5.7-9.8 5.7-9.1 16.3-30.3 1.8-3.7.9-6.9-.5-9.7-1.4-2.8-12.5-30.1-17.1-41.2-4.5-10.8-9.1-9.3-12.5-9.5-3.2-.2-6.9-.2-10.6-.2-3.7 0-9.7 1.4-14.8 6.9-5.1 5.6-19.4 19-19.4 46.3 0 27.3 19.9 53.7 22.6 57.4 2.8 3.7 39.1 59.7 94.8 83.8 35.2 15.2 49 16.5 66.6 13.9 10.7-1.6 32.8-13.4 37.4-26.4 4.6-13 4.6-24.1 3.2-26.4-1.3-2.5-5-3.9-10.5-6.6z\"><\/path><\/svg>\t\t\t\t<\/a>\n\t\t\t<\/div>\n\t\t\t\n\t\t\t\t\t\t<div class=\"elementor-icon-box-content\">\n\n\t\t\t\t\t\t\t\t\t<h3 class=\"elementor-icon-box-title\">\n\t\t\t\t\t\t<a href=\"https:\/\/wa.me\/32491070432\" >\n\t\t\t\t\t\t\tDisponible uniquement sur WhatsApp\t\t\t\t\t\t<\/a>\n\t\t\t\t\t<\/h3>\n\t\t\t\t\n\t\t\t\t\t\t\t\t\t<p class=\"elementor-icon-box-description\">\n\t\t\t\t\t\t+32 (0) 4 9107 0432\n\t\t\t\t\t<\/p>\n\t\t\t\t\n\t\t\t<\/div>\n\t\t\t\n\t\t<\/div>\n\t\t\t\t\t\t<\/div>\n\t\t\t\t<\/div>\n\t\t\t\t<\/div>\n\t\t\t\t<\/div>\n\t\t\t\t\t<\/div>\n\t\t\t\t<\/div>\n\t\t\t\t<\/div>\n\t\t","protected":false},"excerpt":{"rendered":"<p>Tumeurs de la parotide Acceuil \/ TUMEURS DE LA PAROTIDE Parfois, les cellules de la glande parotide se comportent de fa\u00e7on anormale. Ainsi elles se multiplient sans arr\u00eat et la parotide\u00a0 augmente donc de taille. Dans pr\u00e8s de 75 \u00e0 80% des cas, ces masses sont b\u00e9nignes. Diff\u00e9rents types de tumeurs : Parmi les tumeurs [&hellip;]<\/p>\n","protected":false},"author":1,"featured_media":0,"parent":224,"menu_order":0,"comment_status":"closed","ping_status":"closed","template":"elementor_header_footer","meta":{"footnotes":""},"class_list":["post-267","page","type-page","status-publish","hentry"],"_links":{"self":[{"href":"https:\/\/parotide.eu\/en\/wp-json\/wp\/v2\/pages\/267","targetHints":{"allow":["GET"]}}],"collection":[{"href":"https:\/\/parotide.eu\/en\/wp-json\/wp\/v2\/pages"}],"about":[{"href":"https:\/\/parotide.eu\/en\/wp-json\/wp\/v2\/types\/page"}],"author":[{"embeddable":true,"href":"https:\/\/parotide.eu\/en\/wp-json\/wp\/v2\/users\/1"}],"replies":[{"embeddable":true,"href":"https:\/\/parotide.eu\/en\/wp-json\/wp\/v2\/comments?post=267"}],"version-history":[{"count":10,"href":"https:\/\/parotide.eu\/en\/wp-json\/wp\/v2\/pages\/267\/revisions"}],"predecessor-version":[{"id":500,"href":"https:\/\/parotide.eu\/en\/wp-json\/wp\/v2\/pages\/267\/revisions\/500"}],"up":[{"embeddable":true,"href":"https:\/\/parotide.eu\/en\/wp-json\/wp\/v2\/pages\/224"}],"wp:attachment":[{"href":"https:\/\/parotide.eu\/en\/wp-json\/wp\/v2\/media?parent=267"}],"curies":[{"name":"wp","href":"https:\/\/api.w.org\/{rel}","templated":true}]}}