{"id":303,"date":"2026-02-27T04:47:06","date_gmt":"2026-02-27T04:47:06","guid":{"rendered":"https:\/\/generativereport.com\/?page_id=303"},"modified":"2026-03-09T06:54:48","modified_gmt":"2026-03-09T06:54:48","slug":"risques","status":"publish","type":"page","link":"https:\/\/parotide.eu\/en\/parotidectomie-classique\/risques\/","title":{"rendered":"Risks"},"content":{"rendered":"<div data-elementor-type=\"wp-page\" data-elementor-id=\"303\" class=\"elementor elementor-303\" data-elementor-post-type=\"page\">\n\t\t\t\t<div class=\"elementor-element elementor-element-188fcef e-flex e-con-boxed e-con e-parent\" data-id=\"188fcef\" data-element_type=\"container\" data-e-type=\"container\">\n\t\t\t\t\t<div class=\"e-con-inner\">\n\t\t<div class=\"elementor-element elementor-element-cb0532d e-con-full e-flex e-con e-child\" data-id=\"cb0532d\" data-element_type=\"container\" data-e-type=\"container\" data-settings=\"{&quot;background_background&quot;:&quot;classic&quot;}\">\n\t\t<div class=\"elementor-element elementor-element-d54f88a e-con-full e-flex e-con e-child\" data-id=\"d54f88a\" data-element_type=\"container\" data-e-type=\"container\">\n\t\t\t\t<div class=\"elementor-element elementor-element-02938fe elementor-invisible elementor-widget elementor-widget-heading\" data-id=\"02938fe\" data-element_type=\"widget\" data-e-type=\"widget\" data-settings=\"{&quot;_animation&quot;:&quot;fadeInUp&quot;}\" data-widget_type=\"heading.default\">\n\t\t\t\t\t<h1 class=\"elementor-heading-title elementor-size-default\">Risks<\/h1>\t\t\t\t<\/div>\n\t\t\t\t<div class=\"elementor-element elementor-element-8071db5 elementor-icon-list--layout-inline elementor-align-center elementor-list-item-link-full_width elementor-invisible elementor-widget elementor-widget-icon-list\" data-id=\"8071db5\" data-element_type=\"widget\" data-e-type=\"widget\" data-settings=\"{&quot;_animation&quot;:&quot;fadeInUp&quot;}\" data-widget_type=\"icon-list.default\">\n\t\t\t\t\t\t\t<ul class=\"elementor-icon-list-items elementor-inline-items\">\n\t\t\t\t\t\t\t<li class=\"elementor-icon-list-item elementor-inline-item\">\n\t\t\t\t\t\t\t\t\t\t\t<a href=\"https:\/\/parotide.eu\/en\">\n\n\t\t\t\t\t\t\t\t\t\t\t\t<span class=\"elementor-icon-list-icon\">\n\t\t\t\t\t\t\t<svg xmlns=\"http:\/\/www.w3.org\/2000\/svg\" width=\"24\" height=\"25\" viewbox=\"0 0 24 25\" fill=\"none\"><path d=\"M12.4565 10.8671C12.1931 11.0903 11.8069 11.0903 11.5436 10.8671C9.04795 8.75151 7.76475 6.69838 7.76475 4.68159C7.7647 2.34248 9.66094 0.446289 12 0.446289C14.3391 0.446289 16.2353 2.34248 16.2353 4.68159C16.2353 6.69838 14.9521 8.75151 12.4565 10.8671ZM12.4565 14.0255C14.9521 16.1411 16.2353 18.1942 16.2353 20.211C16.2353 22.5501 14.3391 24.4463 12 24.4463C9.66089 24.4463 7.7647 22.5501 7.7647 20.211C7.7647 18.1942 9.04791 16.1411 11.5435 14.0255C11.8069 13.8022 12.1931 13.8022 12.4565 14.0255ZM13.5792 12.9028C13.356 12.6394 13.356 12.2532 13.5792 11.9899C15.6948 9.49424 17.748 8.21104 19.7647 8.21104C22.1038 8.21099 24 10.1072 24 12.4463C24 14.7854 22.1038 16.6816 19.7647 16.6816C17.7479 16.6816 15.6948 15.3984 13.5792 12.9028ZM10.4208 12.9028C8.30517 15.3984 6.25205 16.6816 4.2353 16.6816C1.89619 16.6816 0 14.7854 0 12.4463C0 10.1072 1.89619 8.21099 4.2353 8.21099C6.25209 8.21099 8.30522 9.49419 10.4208 11.9898C10.644 12.2532 10.644 12.6394 10.4208 12.9028Z\" fill=\"currentColor\"><\/path><\/svg>\t\t\t\t\t\t<\/span>\n\t\t\t\t\t\t\t\t\t\t<span class=\"elementor-icon-list-text\">Home<\/span>\n\t\t\t\t\t\t\t\t\t\t\t<\/a>\n\t\t\t\t\t\t\t\t\t<\/li>\n\t\t\t\t\t\t\t\t<li class=\"elementor-icon-list-item elementor-inline-item\">\n\t\t\t\t\t\t\t\t\t\t<span class=\"elementor-icon-list-text\">\/<\/span>\n\t\t\t\t\t\t\t\t\t<\/li>\n\t\t\t\t\t\t\t\t<li class=\"elementor-icon-list-item elementor-inline-item\">\n\t\t\t\t\t\t\t\t\t\t\t<span class=\"elementor-icon-list-icon\">\n\t\t\t\t\t\t\t<svg xmlns=\"http:\/\/www.w3.org\/2000\/svg\" width=\"24\" height=\"25\" viewbox=\"0 0 24 25\" fill=\"none\"><path d=\"M12.4565 10.8671C12.1931 11.0903 11.8069 11.0903 11.5436 10.8671C9.04795 8.75151 7.76475 6.69838 7.76475 4.68159C7.7647 2.34248 9.66094 0.446289 12 0.446289C14.3391 0.446289 16.2353 2.34248 16.2353 4.68159C16.2353 6.69838 14.9521 8.75151 12.4565 10.8671ZM12.4565 14.0255C14.9521 16.1411 16.2353 18.1942 16.2353 20.211C16.2353 22.5501 14.3391 24.4463 12 24.4463C9.66089 24.4463 7.7647 22.5501 7.7647 20.211C7.7647 18.1942 9.04791 16.1411 11.5435 14.0255C11.8069 13.8022 12.1931 13.8022 12.4565 14.0255ZM13.5792 12.9028C13.356 12.6394 13.356 12.2532 13.5792 11.9899C15.6948 9.49424 17.748 8.21104 19.7647 8.21104C22.1038 8.21099 24 10.1072 24 12.4463C24 14.7854 22.1038 16.6816 19.7647 16.6816C17.7479 16.6816 15.6948 15.3984 13.5792 12.9028ZM10.4208 12.9028C8.30517 15.3984 6.25205 16.6816 4.2353 16.6816C1.89619 16.6816 0 14.7854 0 12.4463C0 10.1072 1.89619 8.21099 4.2353 8.21099C6.25209 8.21099 8.30522 9.49419 10.4208 11.9898C10.644 12.2532 10.644 12.6394 10.4208 12.9028Z\" fill=\"currentColor\"><\/path><\/svg>\t\t\t\t\t\t<\/span>\n\t\t\t\t\t\t\t\t\t\t<span class=\"elementor-icon-list-text\">Risks<\/span>\n\t\t\t\t\t\t\t\t\t<\/li>\n\t\t\t\t\t\t<\/ul>\n\t\t\t\t\t\t<\/div>\n\t\t\t\t<\/div>\n\t\t\t\t<\/div>\n\t\t\t\t\t<\/div>\n\t\t\t\t<\/div>\n\t\t<div class=\"elementor-element elementor-element-3dc33d5 e-flex e-con-boxed e-con e-parent\" data-id=\"3dc33d5\" data-element_type=\"container\" data-e-type=\"container\">\n\t\t\t\t\t<div class=\"e-con-inner\">\n\t\t<div class=\"elementor-element elementor-element-6c488ec e-con-full e-flex e-con e-child\" data-id=\"6c488ec\" data-element_type=\"container\" data-e-type=\"container\" data-settings=\"{&quot;background_background&quot;:&quot;classic&quot;}\">\n\t\t<div class=\"elementor-element elementor-element-866e138 e-con-full e-flex e-con e-child\" data-id=\"866e138\" data-element_type=\"container\" data-e-type=\"container\">\n\t\t\t\t<div class=\"elementor-element elementor-element-0e0a32c elementor-invisible elementor-widget elementor-widget-image\" data-id=\"0e0a32c\" data-element_type=\"widget\" data-e-type=\"widget\" data-settings=\"{&quot;_animation&quot;:&quot;zoomIn&quot;}\" data-widget_type=\"image.default\">\n\t\t\t\t\t\t\t\t\t\t\t\t\t\t\t<img fetchpriority=\"high\" decoding=\"async\" width=\"925\" height=\"1192\" src=\"https:\/\/parotide.eu\/wp-content\/uploads\/2026\/02\/Picturdse1.png\" class=\"attachment-full size-full wp-image-305\" alt=\"\" srcset=\"https:\/\/parotide.eu\/wp-content\/uploads\/2026\/02\/Picturdse1.png 925w, https:\/\/parotide.eu\/wp-content\/uploads\/2026\/02\/Picturdse1-233x300.png 233w, https:\/\/parotide.eu\/wp-content\/uploads\/2026\/02\/Picturdse1-795x1024.png 795w, https:\/\/parotide.eu\/wp-content\/uploads\/2026\/02\/Picturdse1-768x990.png 768w\" sizes=\"(max-width: 925px) 100vw, 925px\" \/>\t\t\t\t\t\t\t\t\t\t\t\t\t\t\t<\/div>\n\t\t\t\t<\/div>\n\t\t<div class=\"elementor-element elementor-element-cb74b02 e-con-full e-flex e-con e-child\" data-id=\"cb74b02\" data-element_type=\"container\" data-e-type=\"container\">\n\t\t\t\t<div class=\"elementor-element elementor-element-f17df46 elementor-invisible elementor-widget elementor-widget-heading\" data-id=\"f17df46\" data-element_type=\"widget\" data-e-type=\"widget\" data-settings=\"{&quot;_animation&quot;:&quot;fadeInUp&quot;}\" data-widget_type=\"heading.default\">\n\t\t\t\t\t<h2 class=\"elementor-heading-title elementor-size-default\">RISQUES<\/h2>\t\t\t\t<\/div>\n\t\t\t\t<div class=\"elementor-element elementor-element-042ac66 elementor-invisible elementor-widget elementor-widget-text-editor\" data-id=\"042ac66\" data-element_type=\"widget\" data-e-type=\"widget\" data-settings=\"{&quot;_animation&quot;:&quot;fadeInUp&quot;}\" data-widget_type=\"text-editor.default\">\n\t\t\t\t\t\t\t\t\t<p><strong>Les troubles de la sensibilit\u00e9<\/strong>\u00a0\u2013 votre lobe de l\u2019oreille et la peau environnante sera endormi; ceci peut s\u2019am\u00e9liorer avec le temps, toutefois une r\u00e9cup\u00e9ration totale de la sensibilit\u00e9 est souvent impossible<\/p><p><strong>Paralysie du nerf facial<\/strong>\u00a0\u2013 m\u00eame si on essaiera presque toujours de pr\u00e9server le nerf facial (le nerf qui d\u00e9place les muscles du visage), il y a un certain risque (10-20%) de l\u2019atteinte du nerf facial pendant l\u2019intervention. Cela est g\u00e9n\u00e9ralement temporaire due \u00e0 des \u00e9tirements et des ecchymoses et devrait r\u00e9soudre. Toutefois, environ 2-3% des patients cette paralysie sera permanente ou la r\u00e9cup\u00e9ration sera partielle.<\/p><p><strong>Cicatrice<\/strong>\u00a0\u2013 vous aurez une cicatrice, toutefois celle ci aura tendance \u00e0 s\u2019att\u00e9nuer au cours des deux ou trois prochains mois. Apr\u00e8s deux mois, vous devez masser la cicatrice avec une petite quantit\u00e9 d\u2019une cr\u00e8me hydratante deux ou trois fois par jour afin de faciliter le processus de cicatrisation. Certaines personnes produisent une cicatrice hypertrophique ou m\u00eame des ch\u00e9lo\u00efdes (en relief); ceci est d\u00fb principalement \u00e0 leur type de peau. Ceci est impr\u00e9visible avant l\u2019intervention chirurgicale et, si elle se produit, elle peut \u00eatre trait\u00e9e par apr\u00e8s. Apr\u00e8s l\u2019intervention on peut remarquer \u00e9galement une certaine d\u00e9pression de la joue devant et en dessous de l\u2019oreille. Certains technique de reconstructions peuvent \u00eatre utilis\u00e9s pour corriger celle-ci. cela peut \u00eatre trait\u00e9 \u00e9galement plus tard par example avec lipofilling.<\/p><p><strong>H\u00e9matome\/H\u00e9morragie \/ ecchymoses<\/strong>\u00a0\u2013 Afin de r\u00e9duire la probabilit\u00e9 de d\u00e9velopment d\u2019un h\u00e9matome (caillot de sang) un drain sera plac\u00e9 dans votre plaie pendant l\u2019intervention. Toutefois l\u2019apparition de quelques ecchymoses et des bleus autour de la r\u00e9gion du visage et du cou sera in\u00e9vitable. Vous devriez vous reposer \/dormir assis dans votre lit pendant quelques nuits afin d\u2019am\u00e9liorer le drainage et le gonflement.<\/p><p><strong>Infection<\/strong>\u00a0\u2013 est une complication qui peut survenir apr\u00e8s tout intervention chirurgicale. Elle peut retarder la cicatrisation. Dans ce cas vous aurez besoin d\u2019antibiotiques et parfois m\u00eame des soins sp\u00e9cifiques de la plaie.<\/p><p><strong>R\u00e9cidive\u00a0<\/strong>\u2013 Dans le cas de la chirurgie des tumeurs, il peut y avoir une r\u00e9cidive plus tard. Ceci d\u00e9pend de l\u2019expertise du chirurgien, le type de la tumeur et d\u2019autres facteurs.<\/p><p><strong>Syndrome de Frey<\/strong>\u00a0\u2013 Parfois \u00e0 cause d\u2019une connection erron\u00e9e et al\u00e9atoire des nerf d\u00e9stin\u00e9s aux glandes salivaires avec les nerfs destin\u00e9s aux glandes sudoripares (sueurs) les patients exp\u00e9rimentent une rougeur au niveau de leurs joues ainsi qu\u2019une transpiration \u00e0 la vue de la nourriture ou en mangeant. Le traitement de cette condition depandera de son intensit\u00e9 et la g\u00eane qu\u2019il peut occasionner.<\/p><p><strong>Thrombose veineuse profonde (TVP)\u00a0<\/strong>\u2013 Apr\u00e8s toute intervention sous an\u00e9sthesie g\u00e9n\u00e9rale en raison de l\u2019immobilit\u00e9, Il y a toujours un certain risque de d\u00e9velopper la thrombose veineuse profonde. Il est tr\u00e8s important de bouger les jambes au lit et se lever et \u00e0 peu pr\u00e8s aussi vite que possible. Si vous \u00eates consid\u00e9r\u00e9 comme \u00e9tant \u00e0 risque, des bas sp\u00e9ciaux seront prescrits pour vous ainsi que des m\u00e9dicaments pour fluidifier le sang jusqu\u2019\u00e0 ce que vous \u00eates en mesure de mobiliser correctement.<\/p><p><strong>Fistule salivaire<\/strong>\u00a0\u2013 Il s\u2019agit de l\u2019\u00e9coulement salivaire \u00e0 partir de la plaie. Cela se r\u00e9sout souvent de fa\u00e7on spontan\u00e9, mais peut parfois n\u00e9cessiter un traitement suppl\u00e9mentaire.<\/p><p><strong>S\u00e9rome<\/strong>\u00a0\u2013 il s\u2019agit bien d\u2019une collection de salive \/ fluide sous la peau qui devra \u00eatre aspir\u00e9 (retir\u00e9 avec une seringue et une aiguille) \u00e0 quelques reprises pour r\u00e9soudre le probl\u00e8me. Cela peut persister pendant environ deux trois semaines apr\u00e8s l\u2019op\u00e9ration.<\/p>\t\t\t\t\t\t\t\t<\/div>\n\t\t<div class=\"elementor-element elementor-element-23e18a9 e-con-full e-flex elementor-invisible e-con e-child\" data-id=\"23e18a9\" data-element_type=\"container\" data-e-type=\"container\" data-settings=\"{&quot;background_background&quot;:&quot;classic&quot;,&quot;animation&quot;:&quot;fadeInUp&quot;}\">\n\t\t\t\t<div class=\"elementor-element elementor-element-93defca elementor-view-stacked elementor-position-inline-start elementor-mobile-position-inline-start elementor-shape-circle elementor-widget elementor-widget-icon-box\" data-id=\"93defca\" data-element_type=\"widget\" data-e-type=\"widget\" data-widget_type=\"icon-box.default\">\n\t\t\t\t\t\t\t<div class=\"elementor-icon-box-wrapper\">\n\n\t\t\t\t\t\t<div class=\"elementor-icon-box-icon\">\n\t\t\t\t<a href=\"\/en\/Available only on WhatsApp\/\" class=\"elementor-icon\" tabindex=\"-1\" aria-label=\"Available only on WhatsApp\">\n\t\t\t\t<svg aria-hidden=\"true\" class=\"e-font-icon-svg e-fab-whatsapp\" viewbox=\"0 0 448 512\" xmlns=\"http:\/\/www.w3.org\/2000\/svg\"><path d=\"M380.9 97.1C339 55.1 283.2 32 223.9 32c-122.4 0-222 99.6-222 222 0 39.1 10.2 77.3 29.6 111L0 480l117.7-30.9c32.4 17.7 68.9 27 106.1 27h.1c122.3 0 224.1-99.6 224.1-222 0-59.3-25.2-115-67.1-157zm-157 341.6c-33.2 0-65.7-8.9-94-25.7l-6.7-4-69.8 18.3L72 359.2l-4.4-7c-18.5-29.4-28.2-63.3-28.2-98.2 0-101.7 82.8-184.5 184.6-184.5 49.3 0 95.6 19.2 130.4 54.1 34.8 34.9 56.2 81.2 56.1 130.5 0 101.8-84.9 184.6-186.6 184.6zm101.2-138.2c-5.5-2.8-32.8-16.2-37.9-18-5.1-1.9-8.8-2.8-12.5 2.8-3.7 5.6-14.3 18-17.6 21.8-3.2 3.7-6.5 4.2-12 1.4-32.6-16.3-54-29.1-75.5-66-5.7-9.8 5.7-9.1 16.3-30.3 1.8-3.7.9-6.9-.5-9.7-1.4-2.8-12.5-30.1-17.1-41.2-4.5-10.8-9.1-9.3-12.5-9.5-3.2-.2-6.9-.2-10.6-.2-3.7 0-9.7 1.4-14.8 6.9-5.1 5.6-19.4 19-19.4 46.3 0 27.3 19.9 53.7 22.6 57.4 2.8 3.7 39.1 59.7 94.8 83.8 35.2 15.2 49 16.5 66.6 13.9 10.7-1.6 32.8-13.4 37.4-26.4 4.6-13 4.6-24.1 3.2-26.4-1.3-2.5-5-3.9-10.5-6.6z\"><\/path><\/svg>\t\t\t\t<\/a>\n\t\t\t<\/div>\n\t\t\t\n\t\t\t\t\t\t<div class=\"elementor-icon-box-content\">\n\n\t\t\t\t\t\t\t\t\t<h3 class=\"elementor-icon-box-title\">\n\t\t\t\t\t\t<a href=\"\/en\/Available only on WhatsApp\/\" >\n\t\t\t\t\t\t\tAvailable only on WhatsApp\t\t\t\t\t\t<\/a>\n\t\t\t\t\t<\/h3>\n\t\t\t\t\n\t\t\t\t\t\t\t\t\t<p class=\"elementor-icon-box-description\">\n\t\t\t\t\t\t+32 (0) 4 9107 0432\n\t\t\t\t\t<\/p>\n\t\t\t\t\n\t\t\t<\/div>\n\t\t\t\n\t\t<\/div>\n\t\t\t\t\t\t<\/div>\n\t\t\t\t<\/div>\n\t\t\t\t<\/div>\n\t\t\t\t<\/div>\n\t\t\t\t\t<\/div>\n\t\t\t\t<\/div>\n\t\t\t\t<\/div>","protected":false},"excerpt":{"rendered":"<p>Risques Acceuil \/ RISQUES Les troubles de la sensibilit\u00e9\u00a0\u2013 votre lobe de l\u2019oreille et la peau environnante sera endormi; ceci peut s\u2019am\u00e9liorer avec le temps, toutefois une r\u00e9cup\u00e9ration totale de la sensibilit\u00e9 est souvent impossible Paralysie du nerf facial\u00a0\u2013 m\u00eame si on essaiera presque toujours de pr\u00e9server le nerf facial (le nerf qui d\u00e9place les [&hellip;]<\/p>\n","protected":false},"author":1,"featured_media":0,"parent":293,"menu_order":0,"comment_status":"closed","ping_status":"closed","template":"elementor_header_footer","meta":{"footnotes":""},"class_list":["post-303","page","type-page","status-publish","hentry"],"_links":{"self":[{"href":"https:\/\/parotide.eu\/en\/wp-json\/wp\/v2\/pages\/303","targetHints":{"allow":["GET"]}}],"collection":[{"href":"https:\/\/parotide.eu\/en\/wp-json\/wp\/v2\/pages"}],"about":[{"href":"https:\/\/parotide.eu\/en\/wp-json\/wp\/v2\/types\/page"}],"author":[{"embeddable":true,"href":"https:\/\/parotide.eu\/en\/wp-json\/wp\/v2\/users\/1"}],"replies":[{"embeddable":true,"href":"https:\/\/parotide.eu\/en\/wp-json\/wp\/v2\/comments?post=303"}],"version-history":[{"count":7,"href":"https:\/\/parotide.eu\/en\/wp-json\/wp\/v2\/pages\/303\/revisions"}],"predecessor-version":[{"id":494,"href":"https:\/\/parotide.eu\/en\/wp-json\/wp\/v2\/pages\/303\/revisions\/494"}],"up":[{"embeddable":true,"href":"https:\/\/parotide.eu\/en\/wp-json\/wp\/v2\/pages\/293"}],"wp:attachment":[{"href":"https:\/\/parotide.eu\/en\/wp-json\/wp\/v2\/media?parent=303"}],"curies":[{"name":"wp","href":"https:\/\/api.w.org\/{rel}","templated":true}]}}